{"id":2,"date":"2022-05-22T20:09:51","date_gmt":"2022-05-22T20:09:51","guid":{"rendered":"http:\/\/adamoliam.se\/?page_id=2"},"modified":"2022-07-26T15:15:37","modified_gmt":"2022-07-26T15:15:37","slug":"sample-page","status":"publish","type":"page","link":"https:\/\/adamoliam.se\/index.php\/sample-page\/","title":{"rendered":"Venue"},"content":{"rendered":"\n<p>The venue is called Livgrenadj\u00e4rm\u00e4ssen, located in Garnisonen district of Link\u00f6ping, less than 2 km from the city centre. The venue easily accessible via public transport or car. <\/p>\n\n\n\n<div class=\"wp-block-group is-layout-flow wp-block-group-is-layout-flow\">\n<div class=\"wp-block-columns are-vertically-aligned-center is-layout-flex wp-container-core-columns-is-layout-28f84493 wp-block-columns-is-layout-flex\">\n<div class=\"wp-block-column is-vertically-aligned-center is-layout-flow wp-block-column-is-layout-flow\" style=\"flex-basis:100%\">\n<figure class=\"wp-block-gallery has-nested-images columns-default is-cropped wp-block-gallery-1 is-layout-flex wp-block-gallery-is-layout-flex\">\n<figure class=\"wp-block-image size-large is-style-rounded\"><img loading=\"lazy\" decoding=\"async\" width=\"1024\" height=\"768\" data-id=\"51\" src=\"https:\/\/adamoliam.se\/wp-content\/uploads\/2022\/07\/LG-inside-1-1024x768.jpg\" alt=\"\" class=\"wp-image-51\" srcset=\"https:\/\/adamoliam.se\/wp-content\/uploads\/2022\/07\/LG-inside-1-1024x768.jpg 1024w, https:\/\/adamoliam.se\/wp-content\/uploads\/2022\/07\/LG-inside-1-300x225.jpg 300w, https:\/\/adamoliam.se\/wp-content\/uploads\/2022\/07\/LG-inside-1-768x576.jpg 768w, https:\/\/adamoliam.se\/wp-content\/uploads\/2022\/07\/LG-inside-1.jpg 1077w\" sizes=\"auto, (max-width: 1024px) 100vw, 1024px\" \/><\/figure>\n\n\n\n<figure class=\"wp-block-image size-large is-style-rounded\"><img loading=\"lazy\" decoding=\"async\" width=\"1024\" height=\"576\" data-id=\"55\" src=\"https:\/\/adamoliam.se\/wp-content\/uploads\/2022\/07\/LG-biblio-1024x576.jpg\" alt=\"\" class=\"wp-image-55\" srcset=\"https:\/\/adamoliam.se\/wp-content\/uploads\/2022\/07\/LG-biblio-1024x576.jpg 1024w, https:\/\/adamoliam.se\/wp-content\/uploads\/2022\/07\/LG-biblio-300x169.jpg 300w, https:\/\/adamoliam.se\/wp-content\/uploads\/2022\/07\/LG-biblio-768x432.jpg 768w, https:\/\/adamoliam.se\/wp-content\/uploads\/2022\/07\/LG-biblio.jpg 1334w\" sizes=\"auto, (max-width: 1024px) 100vw, 1024px\" \/><\/figure>\n\n\n\n<figure class=\"wp-block-image size-large is-style-rounded\"><img loading=\"lazy\" decoding=\"async\" width=\"867\" height=\"808\" data-id=\"53\" src=\"https:\/\/adamoliam.se\/wp-content\/uploads\/2022\/07\/LG-inside3.jpg\" alt=\"\" class=\"wp-image-53\" srcset=\"https:\/\/adamoliam.se\/wp-content\/uploads\/2022\/07\/LG-inside3.jpg 867w, https:\/\/adamoliam.se\/wp-content\/uploads\/2022\/07\/LG-inside3-300x280.jpg 300w, https:\/\/adamoliam.se\/wp-content\/uploads\/2022\/07\/LG-inside3-768x716.jpg 768w\" sizes=\"auto, (max-width: 867px) 100vw, 867px\" \/><\/figure>\n\n\n\n<figure class=\"wp-block-image size-large is-style-rounded\"><img loading=\"lazy\" decoding=\"async\" width=\"1024\" height=\"768\" data-id=\"54\" src=\"https:\/\/adamoliam.se\/wp-content\/uploads\/2022\/07\/LG-outside-3-1024x768.jpg\" alt=\"\" class=\"wp-image-54\" srcset=\"https:\/\/adamoliam.se\/wp-content\/uploads\/2022\/07\/LG-outside-3-1024x768.jpg 1024w, https:\/\/adamoliam.se\/wp-content\/uploads\/2022\/07\/LG-outside-3-300x225.jpg 300w, https:\/\/adamoliam.se\/wp-content\/uploads\/2022\/07\/LG-outside-3-768x576.jpg 768w, https:\/\/adamoliam.se\/wp-content\/uploads\/2022\/07\/LG-outside-3.jpg 1077w\" sizes=\"auto, (max-width: 1024px) 100vw, 1024px\" \/><\/figure>\n\n\n\n<figure class=\"wp-block-image size-large is-style-rounded\"><img loading=\"lazy\" decoding=\"async\" width=\"1024\" height=\"682\" data-id=\"52\" src=\"https:\/\/adamoliam.se\/wp-content\/uploads\/2022\/07\/LG-inside2-1024x682.jpg\" alt=\"\" class=\"wp-image-52\" srcset=\"https:\/\/adamoliam.se\/wp-content\/uploads\/2022\/07\/LG-inside2-1024x682.jpg 1024w, https:\/\/adamoliam.se\/wp-content\/uploads\/2022\/07\/LG-inside2-300x200.jpg 300w, https:\/\/adamoliam.se\/wp-content\/uploads\/2022\/07\/LG-inside2-768x511.jpg 768w, https:\/\/adamoliam.se\/wp-content\/uploads\/2022\/07\/LG-inside2.jpg 1080w\" sizes=\"auto, (max-width: 1024px) 100vw, 1024px\" \/><\/figure>\n<\/figure>\n<\/div>\n<\/div>\n<\/div>\n","protected":false},"excerpt":{"rendered":"<p>The venue is called Livgrenadj\u00e4rm\u00e4ssen, located in Garnisonen district of Link\u00f6ping, less than 2 km from the city centre. The venue easily accessible via public transport or car.<\/p>\n","protected":false},"author":2,"featured_media":20,"parent":0,"menu_order":0,"comment_status":"closed","ping_status":"open","template":"","meta":{"site-sidebar-layout":"default","site-content-layout":"boxed-container","ast-global-header-display":"","ast-main-header-display":"","ast-hfb-above-header-display":"","ast-hfb-below-header-display":"","ast-hfb-mobile-header-display":"","site-post-title":"","ast-breadcrumbs-content":"","ast-featured-img":"","footer-sml-layout":"","theme-transparent-header-meta":"","adv-header-id-meta":"","stick-header-meta":"","header-above-stick-meta":"","header-main-stick-meta":"","header-below-stick-meta":"","footnotes":""},"class_list":["post-2","page","type-page","status-publish","has-post-thumbnail","hentry"],"_links":{"self":[{"href":"https:\/\/adamoliam.se\/index.php\/wp-json\/wp\/v2\/pages\/2","targetHints":{"allow":["GET"]}}],"collection":[{"href":"https:\/\/adamoliam.se\/index.php\/wp-json\/wp\/v2\/pages"}],"about":[{"href":"https:\/\/adamoliam.se\/index.php\/wp-json\/wp\/v2\/types\/page"}],"author":[{"embeddable":true,"href":"https:\/\/adamoliam.se\/index.php\/wp-json\/wp\/v2\/users\/2"}],"replies":[{"embeddable":true,"href":"https:\/\/adamoliam.se\/index.php\/wp-json\/wp\/v2\/comments?post=2"}],"version-history":[{"count":12,"href":"https:\/\/adamoliam.se\/index.php\/wp-json\/wp\/v2\/pages\/2\/revisions"}],"predecessor-version":[{"id":57,"href":"https:\/\/adamoliam.se\/index.php\/wp-json\/wp\/v2\/pages\/2\/revisions\/57"}],"wp:featuredmedia":[{"embeddable":true,"href":"https:\/\/adamoliam.se\/index.php\/wp-json\/wp\/v2\/media\/20"}],"wp:attachment":[{"href":"https:\/\/adamoliam.se\/index.php\/wp-json\/wp\/v2\/media?parent=2"}],"curies":[{"name":"wp","href":"https:\/\/api.w.org\/{rel}","templated":true}]}}